{"id":1435,"date":"2022-09-28T16:13:03","date_gmt":"2022-09-28T14:13:03","guid":{"rendered":"https:\/\/www.ofamber.sk\/grooming\/"},"modified":"2022-10-09T16:57:00","modified_gmt":"2022-10-09T14:57:00","slug":"grooming","status":"publish","type":"page","link":"https:\/\/www.ofamber.sk\/en\/grooming\/","title":{"rendered":"Grooming"},"content":{"rendered":"\t\t<div data-elementor-type=\"wp-page\" data-elementor-id=\"1435\" class=\"elementor elementor-1435 elementor-1238\" data-elementor-post-type=\"page\">\n\t\t\t\t<div class=\"elementor-element elementor-element-09b6161 e-flex e-con-boxed e-con e-parent\" data-id=\"09b6161\" data-element_type=\"container\" data-e-type=\"container\">\n\t\t\t\t\t<div class=\"e-con-inner\">\n\t\t<div class=\"elementor-element elementor-element-fcd8bae e-flex e-con-boxed e-con e-child\" data-id=\"fcd8bae\" data-element_type=\"container\" data-e-type=\"container\">\n\t\t\t\t\t<div class=\"e-con-inner\">\n\t\t\t\t<div class=\"elementor-element elementor-element-9e48f5f elementor-widget elementor-widget-text-editor\" data-id=\"9e48f5f\" data-element_type=\"widget\" data-e-type=\"widget\" data-widget_type=\"text-editor.default\">\n\t\t\t\t<div class=\"elementor-widget-container\">\n\t\t\t\t\t\t\t\t\t<p>Hello,<\/p>\n<p>welcome to the AIDINKA grooming section.<\/p>\n<p>I started learning to groom dogs with my first poodle, Franky from Tartansk\u00e9 rokl\u00edn, and I founded the salon in 1993 in Ko\u0161ice, where I was until 2018, then I moved the business to Michaloviece, where I now live. I practically groom all breeds, but I specialize in poodles and bichons.<\/p>\n<p>Let me introduce my work.<\/p>\n\t\t\t\t\t\t\t\t<\/div>\n\t\t\t\t<\/div>\n\t\t\t\t\t<\/div>\n\t\t\t\t<\/div>\n\t\t<div class=\"elementor-element elementor-element-94385db e-flex e-con-boxed e-con e-child\" data-id=\"94385db\" data-element_type=\"container\" data-e-type=\"container\" data-settings=\"{&quot;background_background&quot;:&quot;classic&quot;}\">\n\t\t\t\t\t<div class=\"e-con-inner\">\n\t\t\t\t<div class=\"elementor-element elementor-element-6f2a76d elementor-widget elementor-widget-image\" data-id=\"6f2a76d\" data-element_type=\"widget\" data-e-type=\"widget\" data-widget_type=\"image.default\">\n\t\t\t\t<div class=\"elementor-widget-container\">\n\t\t\t\t\t\t\t\t\t\t\t\t\t\t\t<img fetchpriority=\"high\" decoding=\"async\" width=\"1024\" height=\"768\" src=\"https:\/\/www.ofamber.sk\/wp-content\/uploads\/2022\/09\/salon-Aidinka-upraveny-bichon.jpg\" class=\"attachment-full size-full wp-image-1251\" alt=\"Sal\u00f3n Aidinka upraven\u00fd bichon\" srcset=\"https:\/\/www.ofamber.sk\/wp-content\/uploads\/2022\/09\/salon-Aidinka-upraveny-bichon.jpg 1024w, https:\/\/www.ofamber.sk\/wp-content\/uploads\/2022\/09\/salon-Aidinka-upraveny-bichon-300x225.jpg 300w, https:\/\/www.ofamber.sk\/wp-content\/uploads\/2022\/09\/salon-Aidinka-upraveny-bichon-768x576.jpg 768w\" sizes=\"(max-width: 1024px) 100vw, 1024px\" \/>\t\t\t\t\t\t\t\t\t\t\t\t\t\t\t<\/div>\n\t\t\t\t<\/div>\n\t\t\t\t\t<\/div>\n\t\t\t\t<\/div>\n\t\t\t\t\t<\/div>\n\t\t\t\t<\/div>\n\t\t<div class=\"elementor-element elementor-element-43c20ee e-flex e-con-boxed e-con e-parent\" data-id=\"43c20ee\" data-element_type=\"container\" data-e-type=\"container\" data-settings=\"{&quot;background_background&quot;:&quot;classic&quot;}\">\n\t\t\t\t\t<div class=\"e-con-inner\">\n\t\t\t\t\t<\/div>\n\t\t\t\t<\/div>\n\t\t<div class=\"elementor-element elementor-element-ae4aa5d e-flex e-con-boxed e-con e-parent\" data-id=\"ae4aa5d\" data-element_type=\"container\" data-e-type=\"container\" data-settings=\"{&quot;background_background&quot;:&quot;classic&quot;}\">\n\t\t\t\t\t<div class=\"e-con-inner\">\n\t\t\t\t<div class=\"elementor-element elementor-element-45c12bb elementor-widget elementor-widget-gallery\" data-id=\"45c12bb\" data-element_type=\"widget\" data-e-type=\"widget\" data-settings=\"{&quot;gallery_layout&quot;:&quot;masonry&quot;,&quot;columns&quot;:3,&quot;lazyload&quot;:&quot;yes&quot;,&quot;columns_tablet&quot;:2,&quot;columns_mobile&quot;:1,&quot;gap&quot;:{&quot;unit&quot;:&quot;px&quot;,&quot;size&quot;:10,&quot;sizes&quot;:[]},&quot;gap_tablet&quot;:{&quot;unit&quot;:&quot;px&quot;,&quot;size&quot;:10,&quot;sizes&quot;:[]},&quot;gap_mobile&quot;:{&quot;unit&quot;:&quot;px&quot;,&quot;size&quot;:10,&quot;sizes&quot;:[]},&quot;link_to&quot;:&quot;file&quot;,&quot;overlay_background&quot;:&quot;yes&quot;,&quot;content_hover_animation&quot;:&quot;fade-in&quot;}\" data-widget_type=\"gallery.default\">\n\t\t\t\t<div class=\"elementor-widget-container\">\n\t\t\t\t\t\t\t<div class=\"elementor-gallery__container\">\n\t\t\t\t\t\t\t<a class=\"e-gallery-item elementor-gallery-item elementor-animated-content\" href=\"https:\/\/www.ofamber.sk\/wp-content\/uploads\/2022\/09\/Salon-Aidinka_101005.jpg\" data-elementor-open-lightbox=\"yes\" data-elementor-lightbox-slideshow=\"45c12bb\" data-elementor-lightbox-title=\"Sal\u00f3n Aidinka strihanie a v\u00fdsvn\u00e1 \u00faprava psov Michalovce\" data-e-action-hash=\"#elementor-action%3Aaction%3Dlightbox%26settings%3DeyJpZCI6MTM3NywidXJsIjoiaHR0cHM6XC9cL3d3dy5vZmFtYmVyLnNrXC93cC1jb250ZW50XC91cGxvYWRzXC8yMDIyXC8wOVwvU2Fsb24tQWlkaW5rYV8xMDEwMDUuanBnIiwic2xpZGVzaG93IjoiNDVjMTJiYiJ9\">\n\t\t\t\t\t<div class=\"e-gallery-image elementor-gallery-item__image\" data-thumbnail=\"https:\/\/www.ofamber.sk\/wp-content\/uploads\/2022\/09\/Salon-Aidinka_101005.jpg\" data-width=\"1024\" data-height=\"768\" aria-label=\"Sal\u00f3n Aidinka strihanie a v\u00fdsvn\u00e1 \u00faprava psov Michalovce\" role=\"img\" ><\/div>\n\t\t\t\t\t\t\t\t\t\t\t<div class=\"elementor-gallery-item__overlay\"><\/div>\n\t\t\t\t\t\t\t\t\t\t\t\t\t\t<\/a>\n\t\t\t\t\t\t\t<a class=\"e-gallery-item elementor-gallery-item elementor-animated-content\" href=\"https:\/\/www.ofamber.sk\/wp-content\/uploads\/2022\/09\/Salon-Aidinka_213904.jpg\" data-elementor-open-lightbox=\"yes\" data-elementor-lightbox-slideshow=\"45c12bb\" data-elementor-lightbox-title=\"Sal\u00f3n Aidinka strihanie a v\u00fdsvn\u00e1 \u00faprava psov Michalovce\" data-e-action-hash=\"#elementor-action%3Aaction%3Dlightbox%26settings%3DeyJpZCI6MTM4MiwidXJsIjoiaHR0cHM6XC9cL3d3dy5vZmFtYmVyLnNrXC93cC1jb250ZW50XC91cGxvYWRzXC8yMDIyXC8wOVwvU2Fsb24tQWlkaW5rYV8yMTM5MDQuanBnIiwic2xpZGVzaG93IjoiNDVjMTJiYiJ9\">\n\t\t\t\t\t<div class=\"e-gallery-image elementor-gallery-item__image\" data-thumbnail=\"https:\/\/www.ofamber.sk\/wp-content\/uploads\/2022\/09\/Salon-Aidinka_213904.jpg\" data-width=\"1024\" data-height=\"768\" aria-label=\"Sal\u00f3n Aidinka strihanie a v\u00fdsvn\u00e1 \u00faprava psov Michalovce\" role=\"img\" ><\/div>\n\t\t\t\t\t\t\t\t\t\t\t<div class=\"elementor-gallery-item__overlay\"><\/div>\n\t\t\t\t\t\t\t\t\t\t\t\t\t\t<\/a>\n\t\t\t\t\t\t\t<a class=\"e-gallery-item elementor-gallery-item elementor-animated-content\" href=\"https:\/\/www.ofamber.sk\/wp-content\/uploads\/2022\/10\/salon-aidinka-michalovce.jpg\" data-elementor-open-lightbox=\"yes\" data-elementor-lightbox-slideshow=\"45c12bb\" data-elementor-lightbox-title=\"Sal\u00f3n Aidinka strihanie a v\u00fdsvn\u00e1 \u00faprava psov Michalovce\" data-e-action-hash=\"#elementor-action%3Aaction%3Dlightbox%26settings%3DeyJpZCI6MTU1MCwidXJsIjoiaHR0cHM6XC9cL3d3dy5vZmFtYmVyLnNrXC93cC1jb250ZW50XC91cGxvYWRzXC8yMDIyXC8xMFwvc2Fsb24tYWlkaW5rYS1taWNoYWxvdmNlLmpwZyIsInNsaWRlc2hvdyI6IjQ1YzEyYmIifQ%3D%3D\">\n\t\t\t\t\t<div class=\"e-gallery-image elementor-gallery-item__image\" data-thumbnail=\"https:\/\/www.ofamber.sk\/wp-content\/uploads\/2022\/10\/salon-aidinka-michalovce.jpg\" data-width=\"1024\" data-height=\"1365\" aria-label=\"Sal\u00f3n Aidinka strihanie a v\u00fdsvn\u00e1 \u00faprava psov Michalovce\" role=\"img\" ><\/div>\n\t\t\t\t\t\t\t\t\t\t\t<div class=\"elementor-gallery-item__overlay\"><\/div>\n\t\t\t\t\t\t\t\t\t\t\t\t\t\t<\/a>\n\t\t\t\t\t\t\t<a class=\"e-gallery-item elementor-gallery-item elementor-animated-content\" href=\"https:\/\/www.ofamber.sk\/wp-content\/uploads\/2022\/10\/salon-aidinka-vystavna-uprava.jpg\" data-elementor-open-lightbox=\"yes\" data-elementor-lightbox-slideshow=\"45c12bb\" data-elementor-lightbox-title=\"Sal\u00f3n Aidinka strihanie a v\u00fdsvn\u00e1 \u00faprava psov Michalovce\" data-e-action-hash=\"#elementor-action%3Aaction%3Dlightbox%26settings%3DeyJpZCI6MTU1NiwidXJsIjoiaHR0cHM6XC9cL3d3dy5vZmFtYmVyLnNrXC93cC1jb250ZW50XC91cGxvYWRzXC8yMDIyXC8xMFwvc2Fsb24tYWlkaW5rYS12eXN0YXZuYS11cHJhdmEuanBnIiwic2xpZGVzaG93IjoiNDVjMTJiYiJ9\">\n\t\t\t\t\t<div class=\"e-gallery-image elementor-gallery-item__image\" data-thumbnail=\"https:\/\/www.ofamber.sk\/wp-content\/uploads\/2022\/10\/salon-aidinka-vystavna-uprava.jpg\" data-width=\"1024\" data-height=\"768\" aria-label=\"Sal\u00f3n Aidinka strihanie a v\u00fdsvn\u00e1 \u00faprava psov Michalovce\" role=\"img\" ><\/div>\n\t\t\t\t\t\t\t\t\t\t\t<div class=\"elementor-gallery-item__overlay\"><\/div>\n\t\t\t\t\t\t\t\t\t\t\t\t\t\t<\/a>\n\t\t\t\t\t\t\t<a class=\"e-gallery-item elementor-gallery-item elementor-animated-content\" href=\"https:\/\/www.ofamber.sk\/wp-content\/uploads\/2022\/10\/salon-Aidinka-uprava-psov.jpg\" data-elementor-open-lightbox=\"yes\" data-elementor-lightbox-slideshow=\"45c12bb\" data-elementor-lightbox-title=\"Sal\u00f3n Aidinka strihanie a v\u00fdsvn\u00e1 \u00faprava psov Michalovce\" data-e-action-hash=\"#elementor-action%3Aaction%3Dlightbox%26settings%3DeyJpZCI6MTY4MCwidXJsIjoiaHR0cHM6XC9cL3d3dy5vZmFtYmVyLnNrXC93cC1jb250ZW50XC91cGxvYWRzXC8yMDIyXC8xMFwvc2Fsb24tQWlkaW5rYS11cHJhdmEtcHNvdi5qcGciLCJzbGlkZXNob3ciOiI0NWMxMmJiIn0%3D\">\n\t\t\t\t\t<div class=\"e-gallery-image elementor-gallery-item__image\" data-thumbnail=\"https:\/\/www.ofamber.sk\/wp-content\/uploads\/2022\/10\/salon-Aidinka-uprava-psov.jpg\" data-width=\"1024\" data-height=\"1056\" aria-label=\"Sal\u00f3n Aidinka strihanie a v\u00fdsvn\u00e1 \u00faprava psov Michalovce\" role=\"img\" ><\/div>\n\t\t\t\t\t\t\t\t\t\t\t<div class=\"elementor-gallery-item__overlay\"><\/div>\n\t\t\t\t\t\t\t\t\t\t\t\t\t\t<\/a>\n\t\t\t\t\t<\/div>\n\t\t\t\t\t<\/div>\n\t\t\t\t<\/div>\n\t\t\t\t<div class=\"elementor-element elementor-element-18f92f1 elementor-widget elementor-widget-text-editor\" data-id=\"18f92f1\" data-element_type=\"widget\" data-e-type=\"widget\" data-widget_type=\"text-editor.default\">\n\t\t\t\t<div class=\"elementor-widget-container\">\n\t\t\t\t\t\t\t\t\t<p>Sal\u00f3n pre psov Aidinka, Topolianska 117, Michalovce.<\/p>\n<p><strong>You can order by phone at tel. no. 0905 299 487 or via<a href=\"https:\/\/www.facebook.com\/strihaniepsovMichalovce\">FB online.<\/a><\/strong><\/p>\n\t\t\t\t\t\t\t\t<\/div>\n\t\t\t\t<\/div>\n\t\t\t\t<div class=\"elementor-element elementor-element-6e22900 elementor-shape-rounded elementor-grid-0 e-grid-align-center elementor-widget elementor-widget-social-icons\" data-id=\"6e22900\" data-element_type=\"widget\" data-e-type=\"widget\" data-widget_type=\"social-icons.default\">\n\t\t\t\t<div class=\"elementor-widget-container\">\n\t\t\t\t\t\t\t<div class=\"elementor-social-icons-wrapper elementor-grid\">\n\t\t\t\t\t\t\t<span class=\"elementor-grid-item\">\n\t\t\t\t\t<a class=\"elementor-icon elementor-social-icon elementor-social-icon-facebook elementor-repeater-item-bdbcf75\" href=\"https:\/\/www.facebook.com\/strihaniepsovMichalovce\" target=\"_blank\">\n\t\t\t\t\t\t<span class=\"elementor-screen-only\">Facebook<\/span>\n\t\t\t\t\t\t<i aria-hidden=\"true\" class=\"fab fa-facebook\"><\/i>\t\t\t\t\t<\/a>\n\t\t\t\t<\/span>\n\t\t\t\t\t<\/div>\n\t\t\t\t\t\t<\/div>\n\t\t\t\t<\/div>\n\t\t\t\t\t<\/div>\n\t\t\t\t<\/div>\n\t\t\t\t<\/div>\n\t\t","protected":false},"excerpt":{"rendered":"<p>Hello, welcome to the AIDINKA grooming section. I started learning to groom dogs with my first poodle, Franky from Tartansk\u00e9 rokl\u00edn, and I founded the salon in 1993 in Ko\u0161ice, where I was until 2018, then I moved the business to Michaloviece, where I now live. I practically groom all breeds, but I specialize in [&hellip;]<\/p>\n","protected":false},"author":2,"featured_media":0,"parent":0,"menu_order":0,"comment_status":"closed","ping_status":"closed","template":"","meta":{"slim_seo":{"title":"Grooming - DANCO OF AMBER","description":"Hello, welcome to the AIDINKA grooming section. I started learning to groom dogs with my first poodle, Franky from Tartansk\u00e9 rokl\u00edn, and I founded the salon in"},"iawp_total_views":6,"footnotes":""},"class_list":["post-1435","page","type-page","status-publish","hentry"],"_links":{"self":[{"href":"https:\/\/www.ofamber.sk\/en\/wp-json\/wp\/v2\/pages\/1435","targetHints":{"allow":["GET"]}}],"collection":[{"href":"https:\/\/www.ofamber.sk\/en\/wp-json\/wp\/v2\/pages"}],"about":[{"href":"https:\/\/www.ofamber.sk\/en\/wp-json\/wp\/v2\/types\/page"}],"author":[{"embeddable":true,"href":"https:\/\/www.ofamber.sk\/en\/wp-json\/wp\/v2\/users\/2"}],"replies":[{"embeddable":true,"href":"https:\/\/www.ofamber.sk\/en\/wp-json\/wp\/v2\/comments?post=1435"}],"version-history":[{"count":0,"href":"https:\/\/www.ofamber.sk\/en\/wp-json\/wp\/v2\/pages\/1435\/revisions"}],"wp:attachment":[{"href":"https:\/\/www.ofamber.sk\/en\/wp-json\/wp\/v2\/media?parent=1435"}],"curies":[{"name":"wp","href":"https:\/\/api.w.org\/{rel}","templated":true}]}}